{"id":101,"date":"2017-08-07T15:33:32","date_gmt":"2017-08-07T13:33:32","guid":{"rendered":"http:\/\/arche.ovh\/?page_id=101"},"modified":"2026-04-13T10:20:06","modified_gmt":"2026-04-13T08:20:06","slug":"historique","status":"publish","type":"page","link":"https:\/\/arche.ovh\/index.php\/accueil\/historique\/","title":{"rendered":"Historique"},"content":{"rendered":"\n\n\t<p>L&rsquo;Association Arch\u00e9 a \u00e9t\u00e9 cr\u00e9\u00e9e en 2003 par Bernard CHARAUDEAU, pour faire suite aux voyages initi\u00e9s d\u00e8s 1999 avec le m\u00eame groupe d&rsquo;amis en Egypte, puis en 2001 en Jordanie et Syrie. Voyages qui furent pr\u00e9c\u00e9d\u00e9s et agr\u00e9ment\u00e9s de conf\u00e9rences culturelles relatives aux pays parcourus.<\/p>\n<p>Depuis, ont notamment \u00e9t\u00e9 organis\u00e9s par l&rsquo;association :<\/p>\n<p><em><strong>Les voyages ou s\u00e9jours :<\/strong><\/em><\/p>\n<ul>\n<li>en 2003, voyage en Gr\u00e8ce<\/li>\n<li>en 2004, voyage sur les c\u00f4tes turques<\/li>\n<li>en 2005, voyage en Chine (la route de la soie), pr\u00e9c\u00e9d\u00e9 d&rsquo;une conf\u00e9rence<\/li>\n<li>en 2006, voyage en Russie (de Saint-Petersbourg \u00e0 Moscou) pr\u00e9c\u00e9d\u00e9 d&rsquo;une conf\u00e9rence, puis suivi d&rsquo;une autre conf\u00e9rence en janvier 2007<\/li>\n<li>en 2007, voyage au Laos et Cambodge, pr\u00e9c\u00e9d\u00e9 d&rsquo;une conf\u00e9rence d&rsquo;Odon VALLET<\/li>\n<li>en 2009, voyage en Andalousie (S\u00e9ville et Cordoue), pr\u00e9c\u00e9d\u00e9 d&rsquo;une conf\u00e9rence<\/li>\n<li>en 2009, voyage au P\u00e9rou<\/li>\n<li>en 2010, voyage en Inde (Rajasthan)<\/li>\n<li>en 2011, s\u00e9jour \u00e0 Malte<\/li>\n<li>en 2011, voyage au N\u00e9pal<\/li>\n<li>en 2012, voyage au Vietnam pr\u00e9c\u00e9d\u00e9 d&rsquo;une conf\u00e9rence<\/li>\n<li>en 2013, s\u00e9jour \u00e0 Lisbonne<\/li>\n<li>en 2013, voyage \u00e0 Madagascar<\/li>\n<li>en 2014, s\u00e9jour \u00e0 Berlin<\/li>\n<li>en 2014, voyage en Ouzb\u00e9kistan<\/li>\n<li>en 2015, s\u00e9jour \u00e0 Florence<\/li>\n<li>en 2015, voyage en Indon\u00e9sie (Java et Bali)<\/li>\n<li>en 2016, s\u00e9jour en Ecosse<\/li>\n<li>en 2016, croisi\u00e8re sur les c\u00f4tes croates<\/li>\n<li>en 2017, croisi\u00e8re sur le Rhin (d&rsquo;Amsterdam \u00e0 Strasbourg)<\/li>\n<li>en 2017, voyage en Iran<\/li>\n<li>en 2018, s\u00e9jour \u00e0 Porto et s\u00e9jour \u00e0 Naples<\/li>\n<li>en 2019, voyage en Colombie<\/li>\n<li>en 2021, croisi\u00e8re sur le Danube (de Tulcea \u00e0 Melk)<\/li>\n<li>en juin 2022, croisi\u00e8re sur le Rh\u00f4ne<\/li>\n<li>septembre et novembre 2022, s\u00e9jour en Isra\u00ebl<\/li>\n<li>septembre 2023, s\u00e9jour en Andalousie (Grenade et Malaga)<\/li>\n<li>juin 2024, s\u00e9jour \u00e0 Rome<\/li>\n<li>novembre 2024, voyage au Japon<\/li>\n<li>octobre 2025, s\u00e9jour en Castille (Madrid, S\u00e9govie, Tol\u00e8de)<\/li>\n<li>janvier 2026, voyage au Guatemala et Honduras<\/li>\n<\/ul>\n<p><em><strong>Diverses conf\u00e9rences sur les th\u00e8mes suivants :<\/strong><\/em><\/p>\n<ul>\n<li>Architecture \u00e0 Prague<\/li>\n<li>George Sand<\/li>\n<li>Initiation \u00e0 la g\u00e9n\u00e9alogie<\/li>\n<li>Voyage aux confins de la Touraine et de l&rsquo;Anjou au d\u00e9but du 20\u00e8me si\u00e8cle<\/li>\n<li>Les myst\u00e8res de l&rsquo;Ile de P\u00e2ques<\/li>\n<li>Spiritualit\u00e9 et philosophie de l&rsquo;Inde contemporaine<\/li>\n<li>Madagascar<\/li>\n<li>Une \u00ab\u00a0relecture\u00a0\u00bb de l&rsquo;oeuvre d&rsquo;Herg\u00e9 par r\u00e9f\u00e9rence \u00e0 la mythologie grecque<\/li>\n<li>L&rsquo;art roman au Moyen-Age<\/li>\n<li>Florence aux XV\u00e8me et XVI\u00e8me si\u00e8cles<\/li>\n<li>Les peuples de la steppe<\/li>\n<li>Isra\u00ebl et sa s\u00e9curit\u00e9<\/li>\n<li>La Fayette et l&rsquo;aventure de l&rsquo;ind\u00e9pendance am\u00e9ricaine (1777-1783)<\/li>\n<li>Isra\u00ebl depuis 1948<\/li>\n<li>de l&rsquo;Elam \u00e0 l&#8217;empire Sassanide<\/li>\n<li>Louis XI<\/li>\n<li>Le Portugal<\/li>\n<li>Rabelais<\/li>\n<li>L&rsquo;Italie et la litt\u00e9rature fran\u00e7aise<\/li>\n<li>Djihadisme au Sub Sahara<\/li>\n<li>Voyage dans l&rsquo;histoire de l&rsquo;inconscient<\/li>\n<li>L&rsquo;application de l&rsquo;IA \u00e0 la m\u00e9decine<\/li>\n<li>La Hongrie<\/li>\n<li>L&rsquo;Intelligence \u00e9conomique<\/li>\n<li>Le chemin de Compostelle<\/li>\n<li>La Polyn\u00e9sie<\/li>\n<li>L&rsquo;eau, une ressource pr\u00e9cieuse<\/li>\n<li>L&rsquo;\u00e9volution de la pens\u00e9e strat\u00e9gique au cours des \u00e2ges<\/li>\n<li>La colonie p\u00e9nitentiaire de Mettray<\/li>\n<li>Frank Sinatra, sa vie, son oeuvre<\/li>\n<li>Le parcours d&rsquo;un pilote de chasse<\/li>\n<li>Le Japon<\/li>\n<li>Le Bouddhisme zen<\/li>\n<li>L&rsquo;Intelligence artificielle<\/li>\n<li>Ella Fitzgerald, sa vie, son oeuvre<\/li>\n<li>L&rsquo;itin\u00e9raire d&rsquo;un grain de bl\u00e9<\/li>\n<\/ul>\n<p><em><strong>Des week-ends th\u00e9matiques :<\/strong><\/em><\/p>\n<ul>\n<li>octobre 2005, visite du mus\u00e9e Guimet \u00e0 Paris<\/li>\n<li>novembre 2008, \u00ab\u00a0du roman au gothique\u00a0\u00bb (de Poitiers \u00e0 Bourges)<\/li>\n<li>novembre 2009, \u00ab\u00a0Richard Coeur de Lion \u00e0 Fontevraud\u00a0\u00bb<\/li>\n<li>septembre 2010, \u00ab\u00a0autour du Mont-Saint-Michel\u00a0\u00bb<\/li>\n<li>septembre 2011, \u00ab\u00a0d\u00e9couverte de Lyon\u00a0\u00bb<\/li>\n<li>septembre 2012, \u00ab\u00a0La Bourgogne\u00a0\u00bb<\/li>\n<li>septembre 2013, \u00ab\u00a0Gand, Bruges et Anvers\u00a0\u00bb<\/li>\n<li>mai 2014, \u00ab\u00a0Paris et ses merveilles\u00a0\u00bb<\/li>\n<li>juin 2019, \u00ab\u00a0Deux jours chez George Sand et Chopin\u00a0\u00bb<\/li>\n<li>septembre 2019, \u00ab\u00a0Le Bordelais et ses vins\u00a0\u00bb<\/li>\n<li>juin 2023, \u00ab\u00a0Sancerrois et Puisaye\u00a0\u00bb<\/li>\n<li>juin 2025, \u00ab\u00a0R\u00e9gion lilloise\u00a0\u00bb<\/li>\n<\/ul>\n<p><strong>\u00a0 \u00a0 \u00a0 \u00a0 \u00a0 \u00a0 \u00a0 \u00a0 \u00a0 \u00a0 \u00a0 \u00a0 \u00a0Les pr\u00e9sidents successifs :<\/strong><\/p>\n<p>2003-2008 : Bernard CHARAUDEAU<\/p>\n<p>2008-2013 : Jean-Patrick DEPONT<\/p>\n<p>2013-2018 : Christian MEURDESOIF<\/p>\n<p>2018-2020 : Bernard CHARAUDEAU<\/p>\n<p>2020-2024 : Jean-Patrick DEPONT<\/p>\n<p>2024-&#8230;\u00a0 \u00a0 \u00a0 : St\u00e9phane ONFROY<\/p>\n<p>&nbsp;<\/p>\n\n","protected":false},"excerpt":{"rendered":"<p>L&rsquo;Association Arch\u00e9 a \u00e9t\u00e9 cr\u00e9\u00e9e en 2003 par Bernard CHARAUDEAU, pour faire suite aux voyages initi\u00e9s d\u00e8s 1999 avec le m\u00eame groupe d&rsquo;amis en Egypte, puis en 2001 en Jordanie et Syrie. Voyages qui furent pr\u00e9c\u00e9d\u00e9s et agr\u00e9ment\u00e9s de conf\u00e9rences culturelles relatives aux pays parcourus. Depuis, ont notamment \u00e9t\u00e9 organis\u00e9s par l&rsquo;association : Les voyages &hellip; <\/p>\n<p class=\"link-more\"><a href=\"https:\/\/arche.ovh\/index.php\/accueil\/historique\/\" class=\"more-link\">Continuer la lecture<span class=\"screen-reader-text\"> de &laquo;&nbsp;Historique&nbsp;&raquo;<\/span><\/a><\/p>\n","protected":false},"author":1,"featured_media":0,"parent":7,"menu_order":1,"comment_status":"closed","ping_status":"closed","template":"","meta":{"footnotes":""},"class_list":["post-101","page","type-page","status-publish","hentry"],"_links":{"self":[{"href":"https:\/\/arche.ovh\/index.php\/wp-json\/wp\/v2\/pages\/101","targetHints":{"allow":["GET"]}}],"collection":[{"href":"https:\/\/arche.ovh\/index.php\/wp-json\/wp\/v2\/pages"}],"about":[{"href":"https:\/\/arche.ovh\/index.php\/wp-json\/wp\/v2\/types\/page"}],"author":[{"embeddable":true,"href":"https:\/\/arche.ovh\/index.php\/wp-json\/wp\/v2\/users\/1"}],"replies":[{"embeddable":true,"href":"https:\/\/arche.ovh\/index.php\/wp-json\/wp\/v2\/comments?post=101"}],"version-history":[{"count":12,"href":"https:\/\/arche.ovh\/index.php\/wp-json\/wp\/v2\/pages\/101\/revisions"}],"predecessor-version":[{"id":3270,"href":"https:\/\/arche.ovh\/index.php\/wp-json\/wp\/v2\/pages\/101\/revisions\/3270"}],"up":[{"embeddable":true,"href":"https:\/\/arche.ovh\/index.php\/wp-json\/wp\/v2\/pages\/7"}],"wp:attachment":[{"href":"https:\/\/arche.ovh\/index.php\/wp-json\/wp\/v2\/media?parent=101"}],"curies":[{"name":"wp","href":"https:\/\/api.w.org\/{rel}","templated":true}]}}