{"id":114,"date":"2017-08-07T16:28:59","date_gmt":"2017-08-07T14:28:59","guid":{"rendered":"http:\/\/arche.ovh\/?page_id=114"},"modified":"2026-03-09T09:55:39","modified_gmt":"2026-03-09T08:55:39","slug":"documents","status":"publish","type":"page","link":"https:\/\/arche.ovh\/index.php\/documents\/","title":{"rendered":"Documents"},"content":{"rendered":"\n\n\t<p><strong>Administration :<\/strong><\/p>\n<p><strong><a href=\"https:\/\/arche.ovh\/wp-content\/uploads\/2022\/01\/Fiche_inscription_Arche-PDF.pdf\" target=\"_blank\" rel=\"noopener\">Fiche adh\u00e9sion Arch\u00e9 PDF<\/a> <\/strong>(\u00e0 remplir en ligne)<\/p>\n<p><a href=\"https:\/\/arche.ovh\/wp-content\/uploads\/2025\/09\/STATUTS-arche-version-2011-s.pdf\"><strong>STATUTS arche version 2011-s<\/strong><\/a><\/p>\n<p><a href=\"https:\/\/arche.ovh\/wp-content\/uploads\/2025\/01\/Pouvoir.pdf\"><strong>Pouvoir AG ARCHE<\/strong><\/a><\/p>\n<p>&nbsp;<\/p>\n<p><strong>Programmes d\u00e9taill\u00e9s des voyages :<\/strong><\/p>\n<p><strong><a href=\"https:\/\/arche.ovh\/wp-content\/uploads\/2025\/04\/Programme-Guatemala-Honduras-Arche-Arts-et-Vie.pdf\">Programme Guatemala Honduras<\/a><\/strong><\/p>\n<p>&nbsp;<\/p>\n<p><strong><a href=\"https:\/\/arche.ovh\/wp-content\/uploads\/2026\/02\/V2-Allemagne-Munich-et-les-chateaux-de-Baviere-7j-ARCHE.pdf\" target=\"_blank\" rel=\"noopener\">Programme Munich et les ch\u00e2teaux de Bavi\u00e8re <\/a><\/strong><\/p>\n<p>&nbsp;<\/p>\n<p><strong>Contenu des derni\u00e8res conf\u00e9rences :<\/strong><\/p>\n<p><strong><a href=\"https:\/\/arche.ovh\/wp-content\/uploads\/2025\/09\/Introduction-a-lIA-Prez-ARCHE.pdf\">Introduction \u00e0 l&rsquo;IA\u00a0<\/a><\/strong><\/p>\n<p><strong><a href=\"https:\/\/youtu.be\/f_5WBbIdUrI\"><strong>Vid\u00e9o de la conf\u00e9rence du 30\/1<\/strong>1\/2024 \u00ab\u00a0La Constitution pour les Nuls\u00a0\u00bb<\/a><\/strong><\/p>\n<p>&nbsp;<\/p>\n<p>&nbsp;<\/p>\n<p>&nbsp;<\/p>\n<p>&nbsp;<\/p>\n<p>&nbsp;<\/p>\n<p>&nbsp;<\/p>\n<p>&nbsp;<\/p>\n<p>&nbsp;<\/p>\n\n","protected":false},"excerpt":{"rendered":"<p>Administration : Fiche adh\u00e9sion Arch\u00e9 PDF (\u00e0 remplir en ligne) STATUTS arche version 2011-s Pouvoir AG ARCHE &nbsp; Programmes d\u00e9taill\u00e9s des voyages : Programme Guatemala Honduras &nbsp; Programme Munich et les ch\u00e2teaux de Bavi\u00e8re &nbsp; Contenu des derni\u00e8res conf\u00e9rences : Introduction \u00e0 l&rsquo;IA\u00a0 Vid\u00e9o de la conf\u00e9rence du 30\/11\/2024 \u00ab\u00a0La Constitution pour les Nuls\u00a0\u00bb &nbsp; &hellip; <\/p>\n<p class=\"link-more\"><a href=\"https:\/\/arche.ovh\/index.php\/documents\/\" class=\"more-link\">Continuer la lecture<span class=\"screen-reader-text\"> de &laquo;&nbsp;Documents&nbsp;&raquo;<\/span><\/a><\/p>\n","protected":false},"author":1,"featured_media":0,"parent":0,"menu_order":0,"comment_status":"closed","ping_status":"closed","template":"","meta":{"footnotes":""},"class_list":["post-114","page","type-page","status-publish","hentry"],"_links":{"self":[{"href":"https:\/\/arche.ovh\/index.php\/wp-json\/wp\/v2\/pages\/114","targetHints":{"allow":["GET"]}}],"collection":[{"href":"https:\/\/arche.ovh\/index.php\/wp-json\/wp\/v2\/pages"}],"about":[{"href":"https:\/\/arche.ovh\/index.php\/wp-json\/wp\/v2\/types\/page"}],"author":[{"embeddable":true,"href":"https:\/\/arche.ovh\/index.php\/wp-json\/wp\/v2\/users\/1"}],"replies":[{"embeddable":true,"href":"https:\/\/arche.ovh\/index.php\/wp-json\/wp\/v2\/comments?post=114"}],"version-history":[{"count":11,"href":"https:\/\/arche.ovh\/index.php\/wp-json\/wp\/v2\/pages\/114\/revisions"}],"predecessor-version":[{"id":3258,"href":"https:\/\/arche.ovh\/index.php\/wp-json\/wp\/v2\/pages\/114\/revisions\/3258"}],"wp:attachment":[{"href":"https:\/\/arche.ovh\/index.php\/wp-json\/wp\/v2\/media?parent=114"}],"curies":[{"name":"wp","href":"https:\/\/api.w.org\/{rel}","templated":true}]}}