{"id":2598,"date":"2023-03-05T07:46:26","date_gmt":"2023-03-05T06:46:26","guid":{"rendered":"https:\/\/arche.ovh\/?page_id=2598"},"modified":"2026-01-11T09:54:15","modified_gmt":"2026-01-11T08:54:15","slug":"paiement-des-cotisations-annuelles","status":"publish","type":"page","link":"https:\/\/arche.ovh\/index.php\/paiement-des-cotisations-annuelles\/","title":{"rendered":"Paiement des cotisations annuelles"},"content":{"rendered":"\n\n\t<p>En cliquant sur le lien ci-dessous vous pourrez proc\u00e9der au paiement de votre cotisation annuelle.<\/p>\n<p><strong>L&rsquo;inscription doit \u00eatre faite \u00e0 titre individuel<\/strong>. Il n&rsquo;est pas possible d&rsquo;effectuer une seule inscription pour un couple.<\/p>\n<p><strong>MERCI de bien vouloir privil\u00e9gier le paiement par CB !<\/strong><\/p>\n<p>Cliquer <a href=\"https:\/\/l-arche.s2.yapla.com\/fr\/adh-sion-annuelle-2025-17519\"><strong>ICI<\/strong><\/a><\/p>\n<p>&nbsp;<\/p>\n\n","protected":false},"excerpt":{"rendered":"<p>En cliquant sur le lien ci-dessous vous pourrez proc\u00e9der au paiement de votre cotisation annuelle. L&rsquo;inscription doit \u00eatre faite \u00e0 titre individuel. Il n&rsquo;est pas possible d&rsquo;effectuer une seule inscription pour un couple. MERCI de bien vouloir privil\u00e9gier le paiement par CB ! Cliquer ICI &nbsp;<\/p>\n","protected":false},"author":1,"featured_media":0,"parent":0,"menu_order":0,"comment_status":"closed","ping_status":"closed","template":"","meta":{"footnotes":""},"class_list":["post-2598","page","type-page","status-publish","hentry"],"_links":{"self":[{"href":"https:\/\/arche.ovh\/index.php\/wp-json\/wp\/v2\/pages\/2598","targetHints":{"allow":["GET"]}}],"collection":[{"href":"https:\/\/arche.ovh\/index.php\/wp-json\/wp\/v2\/pages"}],"about":[{"href":"https:\/\/arche.ovh\/index.php\/wp-json\/wp\/v2\/types\/page"}],"author":[{"embeddable":true,"href":"https:\/\/arche.ovh\/index.php\/wp-json\/wp\/v2\/users\/1"}],"replies":[{"embeddable":true,"href":"https:\/\/arche.ovh\/index.php\/wp-json\/wp\/v2\/comments?post=2598"}],"version-history":[{"count":9,"href":"https:\/\/arche.ovh\/index.php\/wp-json\/wp\/v2\/pages\/2598\/revisions"}],"predecessor-version":[{"id":3065,"href":"https:\/\/arche.ovh\/index.php\/wp-json\/wp\/v2\/pages\/2598\/revisions\/3065"}],"wp:attachment":[{"href":"https:\/\/arche.ovh\/index.php\/wp-json\/wp\/v2\/media?parent=2598"}],"curies":[{"name":"wp","href":"https:\/\/api.w.org\/{rel}","templated":true}]}}