{"id":50,"date":"2017-07-26T11:45:22","date_gmt":"2017-07-26T09:45:22","guid":{"rendered":"http:\/\/arche.ovh\/?page_id=50"},"modified":"2026-03-10T17:16:17","modified_gmt":"2026-03-10T16:16:17","slug":"calendrier-des-activites","status":"publish","type":"page","link":"https:\/\/arche.ovh\/index.php\/calendrier-des-activites\/","title":{"rendered":"Calendrier des activit\u00e9s"},"content":{"rendered":"\n\n\t<p>&nbsp;<\/p>\n<p>Programme<strong> des activit\u00e9s 2025-2026<\/strong><\/p>\n<ul>\n<li>Du <strong>26 septembre au 3 octobre 2025<\/strong> : s\u00e9jour \u00ab\u00a0<strong>Madrid et la Castille<\/strong>\u00ab\u00a0.<\/li>\n<li><strong>4 et 5 d\u00e9cembre 2025<\/strong> petite escapade \u00e0 Bruxelles comprenant une visite du parlement europ\u00e9en sur invitation de <strong>Malika SOREL<\/strong> d\u00e9put\u00e9e fran\u00e7aise.<\/li>\n<li><strong>Samedi 6 d\u00e9cembre 2025 \u00e0 17h00 <\/strong>: Michel MACAIRE nous pr\u00e9sente <strong>Ella Fitzgerald<\/strong>, conf\u00e9rence suivie d&rsquo;un d\u00eener.<\/li>\n<li><strong>Samedi 10 janvier 2025<\/strong>, <strong>Assembl\u00e9e G\u00e9n\u00e9rale annuelle<\/strong>, suivie d&rsquo;une conf\u00e9rence de Patrick LANNE : \u00ab\u00a0<strong>Itin\u00e9raire d&rsquo;un grain de bl\u00e9<\/strong>\u00a0\u00bb et d&rsquo;un d\u00eener.<\/li>\n<\/ul>\n<p>&nbsp;<\/p>\n<ul>\n<li>Du <strong>19 janvier au 1er f\u00e9vrier 2026<\/strong> : voyage au <strong>Guatemala\/Honduras<\/strong>. Programme disponible \u00e0 la page \u00ab\u00a0Documents\u00a0\u00bb.<\/li>\n<\/ul>\n<p>&nbsp;<\/p>\n<ul>\n<li>\u00a0du <strong>4 au 7 mai 2026<\/strong> : d\u00e9couverte de <strong>Toulouse-Albi<\/strong>.\u00a0 ANNUL\u00c9 (insuffisance de participants)<\/li>\n<\/ul>\n<p>&nbsp;<\/p>\n<ul>\n<li><strong>samedi 19 septembre 2026<\/strong> : conf\u00e9rence de Jean-Michel BEVING <strong>\u00ab\u00a0Organiser la Premi\u00e8re guerre mondiale sans le savoir\u00a0\u00bb<\/strong>. Suivie d&rsquo;un d\u00eener.<\/li>\n<li>Les productions de J.M. BEVING <a href=\"https:\/\/www.youtube.com\/@jmbeving\">ici<\/a><\/li>\n<\/ul>\n<p>&nbsp;<\/p>\n<ul>\n<li>du <strong>5 au 11 octobre 2026 : s\u00e9jour en Bavi\u00e8re<\/strong> Programme en ligne \u00e0 la page \u00ab\u00a0Documents\u00a0\u00bb. Formulaire de pr\u00e9-inscription en ligne \u00e0 la page \u00ab\u00a0s&rsquo;inscrire pour une activit\u00e9\u00a0\u00bb.<\/li>\n<\/ul>\n<p>&nbsp;<\/p>\n<ul>\n<li><strong>samedi 21 novembre 2026<\/strong> : conf\u00e9rence de Guy Sallat <strong>\u00ab\u00a0La reconstruction de Notre-Dame de Paris\u00a0\u00bb<\/strong>. Suivie d&rsquo;un d\u00eener.<\/li>\n<\/ul>\n<p>&nbsp;<\/p>\n<p>&nbsp;<\/p>\n<p><em><strong>Pour toutes ces activit\u00e9s des formulaires d&rsquo;inscription en ligne sont disponibles progressivement \u00e0 la page \u00ab\u00a0S&rsquo;inscrire pour une activit\u00e9\u00a0\u00bb. Consultez r\u00e9guli\u00e8rement notre site afin de ne pas passer \u00e0 c\u00f4t\u00e9 d&rsquo;une activit\u00e9 qui vous int\u00e9resse !<\/strong><\/em><\/p>\n<p><em><strong>Sauf mention contraire, nos conf\u00e9rences ont lieu \u00e0 l&rsquo;h\u00f4tel MERCURE, 11 rue de l&rsquo;Aviation 37100 TOURS<\/strong><\/em><\/p>\n\n","protected":false},"excerpt":{"rendered":"<p>&nbsp; Programme des activit\u00e9s 2025-2026 Du 26 septembre au 3 octobre 2025 : s\u00e9jour \u00ab\u00a0Madrid et la Castille\u00ab\u00a0. 4 et 5 d\u00e9cembre 2025 petite escapade \u00e0 Bruxelles comprenant une visite du parlement europ\u00e9en sur invitation de Malika SOREL d\u00e9put\u00e9e fran\u00e7aise. Samedi 6 d\u00e9cembre 2025 \u00e0 17h00 : Michel MACAIRE nous pr\u00e9sente Ella Fitzgerald, conf\u00e9rence suivie &hellip; <\/p>\n<p class=\"link-more\"><a href=\"https:\/\/arche.ovh\/index.php\/calendrier-des-activites\/\" class=\"more-link\">Continuer la lecture<span class=\"screen-reader-text\"> de &laquo;&nbsp;Calendrier des activit\u00e9s&nbsp;&raquo;<\/span><\/a><\/p>\n","protected":false},"author":1,"featured_media":0,"parent":0,"menu_order":0,"comment_status":"closed","ping_status":"closed","template":"","meta":{"footnotes":""},"class_list":["post-50","page","type-page","status-publish","hentry"],"_links":{"self":[{"href":"https:\/\/arche.ovh\/index.php\/wp-json\/wp\/v2\/pages\/50","targetHints":{"allow":["GET"]}}],"collection":[{"href":"https:\/\/arche.ovh\/index.php\/wp-json\/wp\/v2\/pages"}],"about":[{"href":"https:\/\/arche.ovh\/index.php\/wp-json\/wp\/v2\/types\/page"}],"author":[{"embeddable":true,"href":"https:\/\/arche.ovh\/index.php\/wp-json\/wp\/v2\/users\/1"}],"replies":[{"embeddable":true,"href":"https:\/\/arche.ovh\/index.php\/wp-json\/wp\/v2\/comments?post=50"}],"version-history":[{"count":11,"href":"https:\/\/arche.ovh\/index.php\/wp-json\/wp\/v2\/pages\/50\/revisions"}],"predecessor-version":[{"id":3260,"href":"https:\/\/arche.ovh\/index.php\/wp-json\/wp\/v2\/pages\/50\/revisions\/3260"}],"wp:attachment":[{"href":"https:\/\/arche.ovh\/index.php\/wp-json\/wp\/v2\/media?parent=50"}],"curies":[{"name":"wp","href":"https:\/\/api.w.org\/{rel}","templated":true}]}}