{"id":77,"date":"2017-07-29T11:51:00","date_gmt":"2017-07-29T09:51:00","guid":{"rendered":"http:\/\/arche.ovh\/?page_id=77"},"modified":"2026-03-09T09:45:43","modified_gmt":"2026-03-09T08:45:43","slug":"sinscrire-pour-une-activite","status":"publish","type":"page","link":"https:\/\/arche.ovh\/index.php\/sinscrire-pour-une-activite\/","title":{"rendered":"S&rsquo;inscrire pour une activit\u00e9"},"content":{"rendered":"\n\n\t<p>Vous pouvez utiliser les liens ci-dessous pour vous inscrire aux activit\u00e9s que nous proposons&#8230; lorsque des places sont encore disponibles !<\/p>\n<p><a href=\"https:\/\/forms.gle\/pmtZhxfoXDBvad9x9\">Pr\u00e9-inscriptions Munich et la Bavi\u00e8re<\/a><\/p>\n<p>&nbsp;<\/p>\n<p>&nbsp;<\/p>\n<p>&nbsp;<\/p>\n<p>&nbsp;<\/p>\n<p>&nbsp;<\/p>\n<p>&nbsp;<\/p>\n<p>&nbsp;<\/p>\n<p>&nbsp;<\/p>\n<p>&nbsp;<\/p>\n<p>&nbsp;<\/p>\n<p>&nbsp;<\/p>\n<p>&nbsp;<\/p>\n\n","protected":false},"excerpt":{"rendered":"<p>Vous pouvez utiliser les liens ci-dessous pour vous inscrire aux activit\u00e9s que nous proposons&#8230; lorsque des places sont encore disponibles ! Pr\u00e9-inscriptions Munich et la Bavi\u00e8re &nbsp; &nbsp; &nbsp; &nbsp; &nbsp; &nbsp; &nbsp; &nbsp; &nbsp; &nbsp; &nbsp; &nbsp;<\/p>\n","protected":false},"author":1,"featured_media":0,"parent":0,"menu_order":0,"comment_status":"closed","ping_status":"closed","template":"","meta":{"footnotes":""},"class_list":["post-77","page","type-page","status-publish","hentry"],"_links":{"self":[{"href":"https:\/\/arche.ovh\/index.php\/wp-json\/wp\/v2\/pages\/77","targetHints":{"allow":["GET"]}}],"collection":[{"href":"https:\/\/arche.ovh\/index.php\/wp-json\/wp\/v2\/pages"}],"about":[{"href":"https:\/\/arche.ovh\/index.php\/wp-json\/wp\/v2\/types\/page"}],"author":[{"embeddable":true,"href":"https:\/\/arche.ovh\/index.php\/wp-json\/wp\/v2\/users\/1"}],"replies":[{"embeddable":true,"href":"https:\/\/arche.ovh\/index.php\/wp-json\/wp\/v2\/comments?post=77"}],"version-history":[{"count":11,"href":"https:\/\/arche.ovh\/index.php\/wp-json\/wp\/v2\/pages\/77\/revisions"}],"predecessor-version":[{"id":3256,"href":"https:\/\/arche.ovh\/index.php\/wp-json\/wp\/v2\/pages\/77\/revisions\/3256"}],"wp:attachment":[{"href":"https:\/\/arche.ovh\/index.php\/wp-json\/wp\/v2\/media?parent=77"}],"curies":[{"name":"wp","href":"https:\/\/api.w.org\/{rel}","templated":true}]}}